{"id":3,"date":"2023-08-03T09:21:24","date_gmt":"2023-08-03T09:21:24","guid":{"rendered":"https:\/\/x-mcparts.com\/?page_id=3"},"modified":"2023-10-13T17:31:48","modified_gmt":"2023-10-13T15:31:48","slug":"privacy-policy","status":"publish","type":"page","link":"https:\/\/x-mcparts.com\/de\/privacy-policy\/","title":{"rendered":"Datenschutzrichtlinie"},"content":{"rendered":"<p><strong>Wer sind wir<\/strong><br>Unsere Website-Adresse lautet: <a href=\"https:\/\/x-mcparts.com\/de\/\">https:\/\/x-mcparts.com<\/a>.<br><br><strong>Kommentare<\/strong><br>Wenn Besucher Kommentare auf der Website posten, erfassen wir die im Kommentarformular angezeigten Daten sowie die IP-Adresse des Besuchers und den User-Agent-String des Browsers, um die Erkennung von Spam zu unterst\u00fctzen.<br>Eine aus Ihrer E-Mail-Adresse erstellte anonymisierte Zeichenfolge (auch Hash genannt) kann dem Gravatar-Dienst zur Verf\u00fcgung gestellt werden, um zu sehen, ob Sie diese verwenden. Die Datenschutzrichtlinie des Gravatar-Dienstes finden Sie hier: https:\/\/automattic.com\/privacy\/. Nach der Freigabe Ihres Kommentars ist Ihr Profilbild zusammen mit Ihrem Kommentar f\u00fcr die \u00d6ffentlichkeit sichtbar.<br><br><strong>Medien<\/strong><br>Wenn Sie Bilder auf die Website hochladen, sollten Sie davon absehen, Bilder mit eingebetteten Standortdaten (EXIF GPS) hochzuladen. Website-Besucher k\u00f6nnen alle Standortdaten aus Bildern auf der Website herunterladen und extrahieren.<br><br><strong>Cookies<\/strong><br>Wenn Sie einen Kommentar auf unserer Website schreiben, k\u00f6nnen Sie Ihren Namen, Ihre E-Mail-Adresse und Ihre Website in Cookies speichern. Diese dienen Ihrer Bequemlichkeit, damit Sie Ihre Daten nicht erneut eingeben m\u00fcssen, wenn Sie einen weiteren Kommentar posten. Diese Cookies sind ein Jahr lang haltbar.<br>Wenn Sie unsere Anmeldeseite besuchen, erstellen wir ein tempor\u00e4res Cookie, um festzustellen, ob Ihr Browser Cookies akzeptiert. Dieses Cookie enth\u00e4lt keine personenbezogenen Daten und wird gel\u00f6scht, wenn Sie Ihren Browser schlie\u00dfen.<br>Wenn Sie sich anmelden, richten wir eine Reihe von Cookies ein und speichern Ihre Anmeldeinformationen und Ihre Bildschirmanzeigeoptionen. Anmelde-Cookies sind zwei Tage und Bildschirmauswahl-Cookies ein Jahr g\u00fcltig. Wenn Sie \u201eAngemeldet bleiben\u201c ausw\u00e4hlen, ist Ihr Login zwei Wochen lang g\u00fcltig. Wenn Sie sich von Ihrem Konto abmelden, verschwinden die Anmeldecookies.<br>Wenn Sie einen Artikel bearbeiten oder ver\u00f6ffentlichen, wird ein zus\u00e4tzlicher Cookie in Ihrem Browser gespeichert. Dieses Cookie enth\u00e4lt keine personenbezogenen Daten und liefert lediglich die Beitrags-ID des Artikels, den Sie gerade bearbeitet haben. Es l\u00e4uft nach 1 Tag ab.<\/p>\n\n\n\n<p><strong>Eingebettete Inhalte von anderen Websites<\/strong><br>Artikel auf dieser Website k\u00f6nnen eingebettete Inhalte enthalten (z. B. Videos, Bilder, Artikel usw.). Eingebettete Inhalte von anderen Websites verhalten sich genauso, als ob der Besucher die andere Website besucht h\u00e4tte.<br>Diese Websites k\u00f6nnen Daten \u00fcber Sie sammeln, Cookies verwenden, zus\u00e4tzliches Tracking von Drittanbietern einbetten und Ihre Interaktion mit diesen eingebetteten Inhalten \u00fcberwachen, einschlie\u00dflich der Verfolgung Ihrer Interaktion mit eingebetteten Inhalten, wenn Sie \u00fcber ein Konto verf\u00fcgen und auf dieser Website angemeldet sind.<\/p>\n\n\n\n<p><strong>Mit wem wir Ihre Daten teilen<br>Litespeed cache<\/strong><br>Diese Website verwendet Caching, um eine schnellere Reaktionszeit und ein besseres Benutzererlebnis zu erm\u00f6glichen. Beim Caching wird m\u00f6glicherweise eine Kopie jeder auf dieser Website angezeigten Webseite gespeichert. Alle Cache-Dateien sind tempor\u00e4r und werden von Dritten niemals abgerufen, es sei denn, dies ist erforderlich, um technischen Support vom Cache-Plugin-Anbieter zu erhalten. Cache-Dateien laufen nach einem vom Site-Administrator festgelegten Zeitplan ab, k\u00f6nnen jedoch bei Bedarf problemlos vom Administrator vor ihrem nat\u00fcrlichen Ablauf gel\u00f6scht werden. Wir k\u00f6nnen die Dienste von QUIC.cloud nutzen, um Ihre Daten vor\u00fcbergehend zu verarbeiten und zwischenzuspeichern. Weitere Informationen finden Sie unter https:\/\/quic.cloud\/privacy-policy\/.<br>Wenn Sie eine Passwortzur\u00fccksetzung anfordern, wird Ihre IP-Adresse in die Zur\u00fccksetzungs-E-Mail aufgenommen.<br><br><strong>Wie lange wir Ihre Daten speichern<\/strong><br>Wenn Sie einen Kommentar schreiben, werden der Kommentar und seine Metadaten auf unbestimmte Zeit gespeichert. Auf diese Weise k\u00f6nnen wir etwaige Folgekommentare automatisch erkennen und genehmigen, anstatt sie in einer Moderationswarteschlange abzuwarten.<br>F\u00fcr Nutzer, die sich auf unserer Seite registrieren (sofern vorhanden), speichern wir auch die von ihnen f\u00fcr ihr Nutzerprofil angegebenen personenbezogenen Daten. Alle Benutzer k\u00f6nnen ihre pers\u00f6nlichen Daten jederzeit einsehen, bearbeiten oder l\u00f6schen (mit der Ausnahme, dass sie ihren Benutzernamen nicht \u00e4ndern k\u00f6nnen). Site-Administratoren k\u00f6nnen diese Informationen auch anzeigen und bearbeiten.<\/p>\n\n\n\n<p><strong>Welche Rechte haben Sie an Ihren Daten?<\/strong><br>Wenn Sie ein Konto auf dieser Website haben oder Kommentare gepostet haben, k\u00f6nnen Sie einen Export Ihrer personenbezogenen Daten anfordern, die wir \u00fcber Sie gespeichert haben, einschlie\u00dflich aller Daten, die Sie uns zur Verf\u00fcgung gestellt haben. Sie k\u00f6nnen uns auch bitten, alle personenbezogenen Daten, die wir \u00fcber Sie haben, zu l\u00f6schen. Hiervon ausgenommen sind alle Arten von Daten, zu deren Speicherung wir aus administrativen, rechtlichen oder sicherheitstechnischen Gr\u00fcnden verpflichtet sind.<br><br><strong>Wohin Ihre Daten gesendet werden<\/strong><br>Visitors&#8217; comments may be checked by an automatic spam detection service.<\/p>\n\n\n\n<p><strong>WooCommerce<\/strong><br>W\u00e4hrend des Bestellvorgangs in unserem Webshop erfassen wir Informationen \u00fcber Sie.<\/p>\n\n\n\n<p><strong>Informationen, die wir sammeln und speichern<\/strong><br>Informationen, die wir sammeln und speichern<\/p>\n\n\n\n<ul class=\"wp-block-list\">\n<li>Artikel, die Sie sich angesehen haben: Wir verwenden diese Informationen beispielsweise, um Ihnen Artikel anzuzeigen, die Sie k\u00fcrzlich angesehen haben.<\/li>\n\n\n\n<li>Artikel, die Sie sich angesehen haben: Wir verwenden diese Informationen beispielsweise, um Ihnen Artikel zu verkaufen, die Sie k\u00fcrzlich bewertet haben.<\/li>\n\n\n\n<li>Lieferadresse: Wir bitten Sie, diese anzugeben, damit wir beispielsweise die Versandkosten berechnen k\u00f6nnen, bevor Sie eine Bestellung aufgeben und wir Ihnen die Artikel zusenden.<\/li>\n<\/ul>\n\n\n\n<p>Wir verwenden Cookies auch, um den Inhalt des Warenkorbs zu verfolgen, w\u00e4hrend Sie unseren Webshop nutzen.<br>Wenn Sie Waren bei uns kaufen, werden wir Sie um die Angabe von Informationen bitten, darunter Ihren Namen, Ihre Rechnungsadresse, Lieferadresse, E-Mail-Adresse, Telefonnummer, Kreditkarten-\/Zahlungsinformationen und optionale Kontoinformationen wie Benutzername und Passwort. Wir werden diese Informationen f\u00fcr folgende Zwecke verwenden:<\/p>\n\n\n\n<p>Senden Sie Ihnen Informationen zu Ihrem Konto und Ihrer Bestellung<\/p>\n\n\n\n<ul class=\"wp-block-list\">\n<li>Beantworten Sie Ihre Anfragen und Anliegen, einschlie\u00dflich R\u00fcckerstattungen und Beschwerden<\/li>\n\n\n\n<li>Verarbeiten Sie Zahlungen und verhindern Sie Betrug<\/li>\n\n\n\n<li>Richten Sie Ihr Konto f\u00fcr unseren Webshop ein<\/li>\n\n\n\n<li>Befolgen Sie alle gesetzlichen Verpflichtungen, die wir haben, wie z. B. die Berechnung von Mehrwertsteuer und Geb\u00fchren<\/li>\n\n\n\n<li>Verbessern Sie unsere Angebote im Webshop<\/li>\n\n\n\n<li>Senden Sie Ihnen Marketingnachrichten, wenn Sie sich daf\u00fcr entscheiden, diese zu erhalten.<\/li>\n<\/ul>\n\n\n\n<p>Wenn Sie ein Konto anlegen, speichern wir Ihren Namen, Ihre Adresse, Ihre E-Mail-Adresse und Ihre Telefonnummer, die zum Ausf\u00fcllen von Eingabefeldern bei zuk\u00fcnftigen Bestellungen verwendet werden.<br>Im Allgemeinen bewahren wir Informationen \u00fcber Sie so lange auf, wie wir sie f\u00fcr die Zwecke ben\u00f6tigen, f\u00fcr die wir sie sammeln und verwenden, und wir sind gesetzlich nicht verpflichtet, sie weiterhin aufzubewahren. Beispielsweise speichern wir Bestellinformationen so lange, wie es das Rechnungslegungsgesetz in Bezug auf Mehrwertsteuer und Buchhaltung vorschreibt. Dazu geh\u00f6ren Ihr Name, Ihre E-Mail-Adresse sowie Ihre Rechnungs- und Lieferadresse.<br>Wir speichern auch Kommentare und Bewertungen, wenn Sie diese hinzuf\u00fcgen m\u00f6chten.<\/p>\n\n\n\n<p><strong>Welche Mitarbeiter haben Zugriff?<\/strong><br>Mitarbeiter haben Zugriff auf die Informationen, die Sie uns zur Verf\u00fcgung stellen. Administratoren und Webshop-Manager haben beispielsweise Zugriff auf:<\/p>\n\n\n\n<ul class=\"wp-block-list\">\n<li>Bestellinformationen, z.\u00a0B. was gekauft wurde, wann es gekauft wurde und wohin es versendet werden sollte, und<\/li>\n\n\n\n<li>Kundeninformationen wie Ihr Name, Ihre E-Mail-Adresse sowie Rechnungs- und Versandinformationen.<\/li>\n<\/ul>\n\n\n\n<p>Unsere Mitarbeiter haben Zugriff auf diese Informationen, um Bestellungen auszuf\u00fchren, R\u00fcckerstattungen abzuwickeln und Sie zu unterst\u00fctzen.<br><br><strong>Welche Informationen wir mit anderen teilen<\/strong><br>Wir geben Informationen an Drittunternehmen weiter, die uns bei der Verwaltung unserer Bestellungen und Dienstleistungen f\u00fcr Sie unterst\u00fctzen; Onpay-Zahlungsgateway,<br>Zahlungen<br>Wir akzeptieren Zahlungen per VISA, Mastercard und Bank\u00fcberweisung. Bei Zahlungen werden einige Ihrer Daten an OnPay Ltd. weitergegeben. einschlie\u00dflich der Informationen, die zum Abschluss oder zur Unterst\u00fctzung der Zahlung erforderlich sind, wie z. B. der Gesamtkaufbetrag und Rechnungsinformationen.<\/p>\n\n\n\n<p><\/p>","protected":false},"excerpt":{"rendered":"<p>Who are weOur website address is: https:\/\/x-mcparts.com. CommentsWhen visitors post comments on the site, we collect the data displayed in the comment form, as well as the visitor&#8217;s IP address and browser user agent string to help detect spam.An anonymized string created from your email address (also called a hash) can be provided to the [&hellip;]<\/p>","protected":false},"author":1,"featured_media":0,"parent":0,"menu_order":0,"comment_status":"closed","ping_status":"open","template":"","meta":{"footnotes":""},"class_list":["post-3","page","type-page","status-publish","hentry"],"jetpack_sharing_enabled":true,"_links":{"self":[{"href":"https:\/\/x-mcparts.com\/de\/wp-json\/wp\/v2\/pages\/3","targetHints":{"allow":["GET"]}}],"collection":[{"href":"https:\/\/x-mcparts.com\/de\/wp-json\/wp\/v2\/pages"}],"about":[{"href":"https:\/\/x-mcparts.com\/de\/wp-json\/wp\/v2\/types\/page"}],"author":[{"embeddable":true,"href":"https:\/\/x-mcparts.com\/de\/wp-json\/wp\/v2\/users\/1"}],"replies":[{"embeddable":true,"href":"https:\/\/x-mcparts.com\/de\/wp-json\/wp\/v2\/comments?post=3"}],"version-history":[{"count":0,"href":"https:\/\/x-mcparts.com\/de\/wp-json\/wp\/v2\/pages\/3\/revisions"}],"wp:attachment":[{"href":"https:\/\/x-mcparts.com\/de\/wp-json\/wp\/v2\/media?parent=3"}],"curies":[{"name":"wp","href":"https:\/\/api.w.org\/{rel}","templated":true}]}}